{"id":52,"date":"2021-08-18T13:27:30","date_gmt":"2021-08-18T13:27:30","guid":{"rendered":"http:\/\/2021.forzaitalia.pl\/?page_id=52"},"modified":"2021-09-15T21:02:10","modified_gmt":"2021-09-15T21:02:10","slug":"zapisy","status":"publish","type":"page","link":"http:\/\/2021.forzaitalia.pl\/index.php\/zapisy\/","title":{"rendered":"Zapisy"},"content":{"rendered":"<h2>REJESTRACJA DLA UCZESTNIK\u00d3W I ODWIEDZAJ\u0104CYCH ZAKO\u0143CZONA!<\/h2>\n<h3><a href=\"http:\/\/2021.forzaitalia.pl\/index.php\/2021\/09\/15\/zasady-wejscia-na-teren-wydarzenia\/\">Zasady wej\u015bcia na wydarzenie<\/a><\/h3>\n<p>Potwierdzeniem uczestnictwa w zlocie jest wype\u0142nienie formularza oraz dokonanie wp\u0142aty na konto za wybrane opcje. Uczestnicy, kt\u00f3rzy chc\u0105 wjecha\u0107 na teren wydarzenia musz\u0105 by\u0107 zarejestrowani. Zasady rejestracji dost\u0119pne s\u0105 tutaj<\/p>\n<p><strong>Osoby odwiedzaj\u0105ce r\u00f3wnie\u017c obowi\u0105zuje rejestracja.<\/strong><\/p>\n<p>Pojazdy w\u0142oskie <strong>nie b\u0119d\u0105<\/strong> wpuszczane na teren zlotu bez zapis\u00f3w.<\/p>\n<p><strong>ODWIEDZAJ\u0104CY:<\/strong><\/p>\n<p>Wst\u0119p dla\u00a0<strong>odwiedzaj\u0105cych<\/strong> wynosi <strong>30 z\u0142.<\/strong>\u00a0 Rejestracja jest obowi\u0105zkowa dla doros\u0142ych oraz dzieci powy\u017cej 12 lat. W ramach biletu wst\u0119pu ka\u017cdy odwiedzaj\u0105cy otrzyma vouchery do wykorzystania w gastronomii na terenie zlotu. Samoch\u00f3d b\u0119dzie mo\u017cna zostawi\u0107 na parkingu dla go\u015bci na terenie Pa\u0142acu.<\/p>\n<p><strong>UCZESTNICY:<\/strong><\/p>\n<p>W sk\u0142ad pe\u0142nego pakietu zlotowego wchodz\u0105:<\/p>\n<ul>\n<li>vouchery do wykorzystania w gastronomii na terenie zlotu<\/li>\n<li>identyfikatory (dla 2 os\u00f3b)<\/li>\n<li>materia\u0142y od sponsor\u00f3w<\/li>\n<li>numer startowy<\/li>\n<li>pami\u0105tkowe naklejki<\/li>\n<li><strong>unikalna pami\u0105tka zlotu<\/strong><\/li>\n<li>pami\u0105tkowe wino<\/li>\n<li>indywidualna tabliczka na pojazd<\/li>\n<\/ul>\n<p><strong>Op\u0142ata<\/strong> zlotowa wynosi <strong>150 z\u0142.\u00a0<\/strong><\/p>\n<p><strong>Op\u0142ata<\/strong>\u00a0za udzia\u0142 w rajdzie nawigacyjnym wynosi\u00a0<strong>30 z\u0142<\/strong>.<\/p>\n<p>Limit za\u0142\u00f3g na rajd nawigacyjny to 40 za\u0142\u00f3g!<\/p>\n<p><strong>WSZYSTKIE MIEJSCA <a href=\"http:\/\/2021.forzaitalia.pl\/index.php\/2021\/08\/24\/rajd-turystyczny-lista-rezerwowa\/\">NA RAJD S\u0104 OBECNIE ZAKLEPANE<\/a>. PROSZ\u0118 DOPISYWA\u0106 W UWAGACH CH\u0118\u0106 WZI\u0118CIA UDZIA\u0141U I ZBUDUJEMY LIST\u0118 REZERWOW\u0104.<\/strong><\/p>\n<p>Noclegi zorganizowane s\u0105 <a href=\"http:\/\/2021.forzaitalia.pl\/index.php\/2021\/08\/18\/noclegi-na-zlocie\/\">w trzech r\u00f3\u017cnych lokalizacjach<\/a>. Cena zale\u017cna jest od wybranego miejsca. Wszystkie ceny s\u0105 cenami za pok\u00f3j ze \u015bniadaniami dla danej liczby os\u00f3b.<\/p>\n<p>Wieczorem w sobot\u0119 na terenie Pa\u0142acu zostanie zorganizowana uroczysty <strong>bankiet<\/strong>. Wst\u0119p na kolacj\u0119 b\u0119d\u0105 mieli wy\u0142\u0105cznie zapisani uczestnicy. Kolacja jest podawana w formie bufetu, kt\u00f3ry b\u0119dzie uzupe\u0142niany przez 6h.\u00a0 Zapewnione s\u0105 woda, kawa, herbata oraz napoje bezalkoholowe na sto\u0142ach. Koszt kolacji to <strong>150z\u0142\/ os<\/strong><\/p>\n<p>Tegoroczne wzory koszulek zlotowych. Koszt\u00a0<strong>40 z\u0142\/ szt.<\/strong><\/p>\n<p><strong>WZ\u00d3R W OPRACOWANIU<\/strong><\/p>\n<p>Rozmiar\u00f3wka: <a href=\"http:\/\/2019.forzaitalia.pl\/wp-content\/uploads\/2019\/08\/kolszulka-meska.jpg\">m\u0119skie<\/a>, <a href=\"http:\/\/2019.forzaitalia.pl\/wp-content\/uploads\/2019\/08\/koszulka-damska.jpg\">damskie<\/a>, <a href=\"http:\/\/2019.forzaitalia.pl\/wp-content\/uploads\/2019\/08\/koszulka-dzieci.jpg\">dzieci\u0119ce<\/a><\/p>\n<p><strong>Formularz wylicza nale\u017cn\u0105 kwot\u0119 za zlot.<\/strong><\/p>\n<p><b>P\u0142atno\u015bci realizowane s\u0105 przez system DotPay.\u00a0<img loading=\"lazy\" decoding=\"async\" class=\"size-full wp-image-108 alignright\" src=\"http:\/\/2017.forzaitalia.pl\/wp-content\/uploads\/2017\/07\/Logo-Dotpay_210x80.jpg\" alt=\"\" width=\"210\" height=\"80\" \/><\/b>Po wype\u0142nieniu formularza zostaniesz przekierowany\/a do systemu p\u0142atno\u015bci. Je\u015bli nie zrealizujesz wp\u0142aty od razu, w mailu z potwierdzeniem zapisu masz link do wykonania przelewu. <strong>W przypadku rezerwacji nocleg\u00f3w op\u0142ata musi by\u0107 wykonana w maksymalnie 2 dni od daty zapisu<\/strong>, w przeciwnym wypadku jest anulowana.<\/p>\n<p>Dane zbierane s\u0105 wy\u0142\u0105cznie do cel\u00f3w rejestracji i wype\u0142nienia pisemnych formularzy zg\u0142oszeniowych. Informacje nie b\u0119d\u0105 przekazywane osobom trzecim ani sponsorom!<\/p>\n<p>Pe\u0142ny regulamin p\u0142atno\u015bci dost\u0119pny jest <a href=\"http:\/\/2021.forzaitalia.pl\/wp-content\/uploads\/2021\/08\/REGULAMIN-rejestracji-na-zlot-ForzaItalia.pdf\">tutaj<\/a>. Zapisuj\u0105c si\u0119 daklarujesz zapoznanie si\u0119 z regulaminem i jego przyj\u0119cie.<\/p>\n<p>Pytania? W\u0105tpliwo\u015bci? Prosz\u0119 kierowa\u0107 na email kontaktowy:\u00a0<a href=\"mailto:zlot@forzaitalia.pl\">zlot@forzaitalia.pl<\/a><\/p>\n<p><a href=\"http:\/\/2021.forzaitalia.pl\/wp-content\/uploads\/2021\/08\/Forza-2021-Klauzula-Informacyjna-COVID.pdf\">Klauzula informacyjna COVID19<\/a><\/p>\n<!--themify_builder_content-->\n<div id=\"themify_builder_content-52\" data-postid=\"52\" class=\"themify_builder_content themify_builder_content-52 themify_builder tf_clear\">\n    <\/div>\n<!--\/themify_builder_content-->\n","protected":false},"excerpt":{"rendered":"<p>REJESTRACJA DLA UCZESTNIK\u00d3W I ODWIEDZAJ\u0104CYCH ZAKO\u0143CZONA! Zasady wej\u015bcia na wydarzenie Potwierdzeniem uczestnictwa w zlocie jest wype\u0142nienie formularza oraz dokonanie wp\u0142aty na konto za wybrane opcje. Uczestnicy, kt\u00f3rzy chc\u0105 wjecha\u0107 na teren wydarzenia musz\u0105 by\u0107 zarejestrowani. Zasady rejestracji dost\u0119pne s\u0105 tutaj Osoby odwiedzaj\u0105ce r\u00f3wnie\u017c obowi\u0105zuje rejestracja. Pojazdy w\u0142oskie nie b\u0119d\u0105 wpuszczane na teren zlotu bez zapis\u00f3w. [&hellip;]<\/p>\n","protected":false},"author":1,"featured_media":0,"parent":0,"menu_order":0,"comment_status":"closed","ping_status":"closed","template":"","meta":{"footnotes":""},"class_list":["post-52","page","type-page","status-publish","hentry","has-post-title","has-post-date","has-post-category","has-post-tag","has-post-comment","has-post-author",""],"_links":{"self":[{"href":"http:\/\/2021.forzaitalia.pl\/index.php\/wp-json\/wp\/v2\/pages\/52","targetHints":{"allow":["GET"]}}],"collection":[{"href":"http:\/\/2021.forzaitalia.pl\/index.php\/wp-json\/wp\/v2\/pages"}],"about":[{"href":"http:\/\/2021.forzaitalia.pl\/index.php\/wp-json\/wp\/v2\/types\/page"}],"author":[{"embeddable":true,"href":"http:\/\/2021.forzaitalia.pl\/index.php\/wp-json\/wp\/v2\/users\/1"}],"replies":[{"embeddable":true,"href":"http:\/\/2021.forzaitalia.pl\/index.php\/wp-json\/wp\/v2\/comments?post=52"}],"version-history":[{"count":63,"href":"http:\/\/2021.forzaitalia.pl\/index.php\/wp-json\/wp\/v2\/pages\/52\/revisions"}],"predecessor-version":[{"id":295,"href":"http:\/\/2021.forzaitalia.pl\/index.php\/wp-json\/wp\/v2\/pages\/52\/revisions\/295"}],"wp:attachment":[{"href":"http:\/\/2021.forzaitalia.pl\/index.php\/wp-json\/wp\/v2\/media?parent=52"}],"curies":[{"name":"wp","href":"https:\/\/api.w.org\/{rel}","templated":true}]}}