{"id":20,"date":"2021-08-10T19:14:03","date_gmt":"2021-08-10T19:14:03","guid":{"rendered":"http:\/\/2021.forzaitalia.pl\/?page_id=20"},"modified":"2021-08-19T07:13:09","modified_gmt":"2021-08-19T07:13:09","slug":"faq","status":"publish","type":"page","link":"http:\/\/2021.forzaitalia.pl\/index.php\/faq\/","title":{"rendered":"FAQ"},"content":{"rendered":"<p>Zbieramy tutaj najcz\u0119\u015bciej wyst\u0119puj\u0105ce pytania, kt\u00f3re zadajecie w komunikacji z nami:<\/p>\n<p><strong>Dlaczego formularz zapis\u00f3w jest taki d\u0142ugi?<\/strong><\/p>\n<p>Dane zbierane w formularzu zostan\u0105 przeniesione do zg\u0142osze\u0144, kt\u00f3re b\u0119d\u0105 podpisywanie w trakcie rejestracji w biurze zlotu. W ten spos\u00f3b rejestracja przebiegnie znacznie szybciej ni\u017c jakby\u015b mia\u0142\/a to wype\u0142nia\u0107 na miejscu oczekuj\u0105c w kolejce&#8230;<\/p>\n<p><strong>Jaki jest numer konta do wp\u0142at?<\/strong><\/p>\n<p>Wp\u0142aty s\u0105 realizowane przez system DotPay, do kt\u00f3rego przekierowanie nast\u0119puje po wype\u0142nieniu formularza. W mailu dostaniesz potwierdzenie zapisu na zlot wraz z linkiem do wp\u0142aty je\u015bli nie wykonasz jej od razu.<\/p>\n<p><strong>Jak szybko dostan\u0119 potwierdzenie zapisu na zlot?<\/strong><\/p>\n<p>Potwierdzenie dostajesz od razu. Lista uczestnik\u00f3w aktualizowana b\u0119dzie kilka razy na dob\u0119.<\/p>\n<p><strong>Do czego uprawnia op\u0142ata zlotowa?<\/strong><\/p>\n<p>Przyczyniasz si\u0119 do powstania tego wydarzenia, dzi\u0119ki \ud83d\ude42 W ramach op\u0142aty dostaniesz vouchery do wykorzystania w gastronomii na terenie zlotu, poza tym otrzymasz pakiet startowy z pami\u0105tkami i gad\u017cetami od sponsor\u00f3w, b\u0119dziesz m\u00f3g\u0142 wzi\u0105\u0107 udzia\u0142 w konkursach wiedzy, w konkursie na pojazd zlotu oraz pojazd publiczno\u015bci&#8230; a warto bra\u0107 udzia\u0142 w konkursach\u00a0 \ud83d\ude42<\/p>\n<p><strong>Czy mo\u017cna zaprezentowa\u0107 \/ wystawi\u0107 si\u0119 jako klub?<\/strong><\/p>\n<p>Oczywi\u015bcie, o to w\u0142a\u015bnie chodzi, im wi\u0119cej tym lepiej, dajcie nam zna\u0107 tylko je\u017celi szykujecie wi\u0119ksz\u0105 grup\u0119 z danego klubu, \u017ceby przygotowa\u0107 dla Was przestrze\u0144.<\/p>\n<p><strong>Czy mo\u017cna zabra\u0107 klubowe flagi \/ banery?<\/strong><\/p>\n<p>Wr\u0119cz trzeba!<\/p>\n<p><strong>Co si\u0119 wydarzy jak b\u0119dzie z\u0142a pogoda?<\/strong><\/p>\n<p>Nie b\u0119dzie z\u0142ej pogody, to niemo\u017cliwe \ud83d\ude09<\/p>\n<p><strong>Czy mo\u017cna przyjecha\u0107 popatrze\u0107 \/ pokibicowa\u0107?<\/strong><\/p>\n<p>Pewnie, mo\u017cna, trzeba zarejestrowa\u0107 si\u0119 jako go\u015b\u0107 i wykupi\u0107 bilet wst\u0119pu. W ramach biletu otrzymasz voucher do wykorzystania w gastronomii na terenie zlotu. <strong>Wjazd na teren pojazdem w\u0142oskim wymaga rejestracji!<\/strong><\/p>\n<!--themify_builder_content-->\n<div id=\"themify_builder_content-20\" data-postid=\"20\" class=\"themify_builder_content themify_builder_content-20 themify_builder tf_clear\">\n    <\/div>\n<!--\/themify_builder_content-->\n","protected":false},"excerpt":{"rendered":"<p>Zbieramy tutaj najcz\u0119\u015bciej wyst\u0119puj\u0105ce pytania, kt\u00f3re zadajecie w komunikacji z nami: Dlaczego formularz zapis\u00f3w jest taki d\u0142ugi? Dane zbierane w formularzu zostan\u0105 przeniesione do zg\u0142osze\u0144, kt\u00f3re b\u0119d\u0105 podpisywanie w trakcie rejestracji w biurze zlotu. W ten spos\u00f3b rejestracja przebiegnie znacznie szybciej ni\u017c jakby\u015b mia\u0142\/a to wype\u0142nia\u0107 na miejscu oczekuj\u0105c w kolejce&#8230; Jaki jest numer konta [&hellip;]<\/p>\n","protected":false},"author":1,"featured_media":0,"parent":0,"menu_order":0,"comment_status":"closed","ping_status":"closed","template":"","meta":{"footnotes":""},"class_list":["post-20","page","type-page","status-publish","hentry","has-post-title","has-post-date","has-post-category","has-post-tag","has-post-comment","has-post-author",""],"_links":{"self":[{"href":"http:\/\/2021.forzaitalia.pl\/index.php\/wp-json\/wp\/v2\/pages\/20","targetHints":{"allow":["GET"]}}],"collection":[{"href":"http:\/\/2021.forzaitalia.pl\/index.php\/wp-json\/wp\/v2\/pages"}],"about":[{"href":"http:\/\/2021.forzaitalia.pl\/index.php\/wp-json\/wp\/v2\/types\/page"}],"author":[{"embeddable":true,"href":"http:\/\/2021.forzaitalia.pl\/index.php\/wp-json\/wp\/v2\/users\/1"}],"replies":[{"embeddable":true,"href":"http:\/\/2021.forzaitalia.pl\/index.php\/wp-json\/wp\/v2\/comments?post=20"}],"version-history":[{"count":5,"href":"http:\/\/2021.forzaitalia.pl\/index.php\/wp-json\/wp\/v2\/pages\/20\/revisions"}],"predecessor-version":[{"id":145,"href":"http:\/\/2021.forzaitalia.pl\/index.php\/wp-json\/wp\/v2\/pages\/20\/revisions\/145"}],"wp:attachment":[{"href":"http:\/\/2021.forzaitalia.pl\/index.php\/wp-json\/wp\/v2\/media?parent=20"}],"curies":[{"name":"wp","href":"https:\/\/api.w.org\/{rel}","templated":true}]}}