{"id":18,"date":"2021-08-10T19:11:26","date_gmt":"2021-08-10T19:11:26","guid":{"rendered":"http:\/\/2021.forzaitalia.pl\/?page_id=18"},"modified":"2021-08-24T08:24:45","modified_gmt":"2021-08-24T08:24:45","slug":"atrakcje","status":"publish","type":"page","link":"http:\/\/2021.forzaitalia.pl\/index.php\/atrakcje\/","title":{"rendered":"Atrakcje"},"content":{"rendered":"<p>Pracujemy intensywnie nad finalnym zakresem spotkania, ale to co planujemy jak na razie to:<\/p>\r\n<ul>\r\n<li>rajd turystyczny<\/li>\r\n<li>statyczna wystawa w\u0142oskich pojazd\u00f3w<\/li>\r\n<li>animacje dla najm\u0142odszych<\/li>\r\n<li>najnowsze modele z gamy koncernu Stellantis<\/li>\r\n<li>stoiska kulinarne i tematyczne<\/li>\r\n<li>strefa gastronomiczna<\/li>\r\n<li>najlepsza kawa i lody<\/li>\r\n<li>szkolenia z ratownictwa drogowego<\/li>\r\n<li>konkursy wiedzy<\/li>\r\n<li>konkurs elegancji, wyb\u00f3r pojazdu zlotu\u00a0oraz pojazdu publiczno\u015bci<\/li>\r\n<li>wyb\u00f3r klubu zlotu<\/li>\r\n<li>wystawa zdj\u0119\u0107<\/li>\r\n<li>wyk\u0142ady nt. w\u0142oskiej motoryzacji i techniki<\/li>\r\n<li>prezentacje partner\u00f3w<\/li>\r\n<li>&#8230; ?<\/li>\r\n<\/ul>\r\n<!--themify_builder_content-->\n<div id=\"themify_builder_content-18\" data-postid=\"18\" class=\"themify_builder_content themify_builder_content-18 themify_builder tf_clear\">\n    <\/div>\n<!--\/themify_builder_content-->\n","protected":false},"excerpt":{"rendered":"<p>Pracujemy intensywnie nad finalnym zakresem spotkania, ale to co planujemy jak na razie to: rajd turystyczny statyczna wystawa w\u0142oskich pojazd\u00f3w animacje dla najm\u0142odszych najnowsze modele z gamy koncernu Stellantis stoiska kulinarne i tematyczne strefa gastronomiczna najlepsza kawa i lody szkolenia z ratownictwa drogowego konkursy wiedzy konkurs elegancji, wyb\u00f3r pojazdu zlotu\u00a0oraz pojazdu publiczno\u015bci wyb\u00f3r klubu zlotu [&hellip;]<\/p>\n","protected":false},"author":1,"featured_media":0,"parent":0,"menu_order":0,"comment_status":"closed","ping_status":"closed","template":"","meta":{"footnotes":""},"class_list":["post-18","page","type-page","status-publish","hentry","has-post-title","has-post-date","has-post-category","has-post-tag","has-post-comment","has-post-author",""],"_links":{"self":[{"href":"http:\/\/2021.forzaitalia.pl\/index.php\/wp-json\/wp\/v2\/pages\/18","targetHints":{"allow":["GET"]}}],"collection":[{"href":"http:\/\/2021.forzaitalia.pl\/index.php\/wp-json\/wp\/v2\/pages"}],"about":[{"href":"http:\/\/2021.forzaitalia.pl\/index.php\/wp-json\/wp\/v2\/types\/page"}],"author":[{"embeddable":true,"href":"http:\/\/2021.forzaitalia.pl\/index.php\/wp-json\/wp\/v2\/users\/1"}],"replies":[{"embeddable":true,"href":"http:\/\/2021.forzaitalia.pl\/index.php\/wp-json\/wp\/v2\/comments?post=18"}],"version-history":[{"count":9,"href":"http:\/\/2021.forzaitalia.pl\/index.php\/wp-json\/wp\/v2\/pages\/18\/revisions"}],"predecessor-version":[{"id":175,"href":"http:\/\/2021.forzaitalia.pl\/index.php\/wp-json\/wp\/v2\/pages\/18\/revisions\/175"}],"wp:attachment":[{"href":"http:\/\/2021.forzaitalia.pl\/index.php\/wp-json\/wp\/v2\/media?parent=18"}],"curies":[{"name":"wp","href":"https:\/\/api.w.org\/{rel}","templated":true}]}}